{"id":226,"date":"2019-05-07T09:57:04","date_gmt":"2019-05-07T09:57:04","guid":{"rendered":"https:\/\/www.relaxtimestudio.rs\/?page_id=226"},"modified":"2025-11-19T08:07:30","modified_gmt":"2025-11-19T08:07:30","slug":"relax-studio-salon-lepote-kragujevac-kontakt","status":"publish","type":"page","link":"https:\/\/www.relaxtimestudio.rs\/?page_id=226","title":{"rendered":"KONTAKT"},"content":{"rendered":"<p><div class=\"fusion-fullwidth fullwidth-box fusion-builder-row-1 nonhundred-percent-fullwidth non-hundred-percent-height-scrolling\" style=\"--awb-border-radius-top-left:0px;--awb-border-radius-top-right:0px;--awb-border-radius-bottom-right:0px;--awb-border-radius-bottom-left:0px;--awb-flex-wrap:wrap;\" ><div class=\"fusion-builder-row fusion-row\"><div class=\"fusion-layout-column fusion_builder_column fusion-builder-column-0 fusion_builder_column_1_1 1_1 fusion-one-full fusion-column-first fusion-column-last\" style=\"--awb-bg-size:cover;--awb-margin-bottom:0px;\"><div class=\"fusion-column-wrapper fusion-column-has-shadow fusion-flex-column-wrapper-legacy\"><iframe src=\"https:\/\/www.google.com\/maps\/embed?pb=!1m18!1m12!1m3!1d2869.4010672104123!2d20.91590061542132!3d44.01310593710119!2m3!1f0!2f0!3f0!3m2!1i1024!2i768!4f13.1!3m3!1m2!1s0x47572120a9d3e215%3A0x2e8117680f5478f6!2sRelax+Time+Studio!5e0!3m2!1ssr!2srs!4v1558347876355!5m2!1ssr!2srs\" width=\"100%\" height=\"450\" frameborder=\"0\" style=\"border:0\" allowfullscreen><\/iframe><div class=\"fusion-clearfix\"><\/div><\/div><\/div><\/div><\/div><div class=\"fusion-fullwidth fullwidth-box fusion-builder-row-2 fusion-parallax-none nonhundred-percent-fullwidth non-hundred-percent-height-scrolling\" style=\"--awb-border-radius-top-left:0px;--awb-border-radius-top-right:0px;--awb-border-radius-bottom-right:0px;--awb-border-radius-bottom-left:0px;--awb-padding-top:0px;--awb-padding-right:13%;--awb-padding-bottom:0px;--awb-padding-left:13%;--awb-margin-top:0px;--awb-margin-bottom:0px;--awb-background-image:url(&quot;https:\/\/www.relaxtimestudio.rs\/wp-content\/uploads\/2019\/05\/relax-time-contact-background.jpg&quot;);--awb-background-size:cover;--awb-flex-wrap:wrap;\" ><div class=\"fusion-builder-row fusion-row\"><div class=\"fusion-layout-column fusion_builder_column fusion-builder-column-1 fusion_builder_column_2_3 2_3 fusion-two-third fusion-column-first title--zakazite_termin\" style=\"--awb-bg-size:cover;--awb-margin-bottom:0px;width:66.666666666667%;width:calc(66.666666666667% - ( ( 4% ) * 0.66666666666667 ) );margin-right: 4%;\"><div class=\"fusion-column-wrapper fusion-column-has-shadow fusion-flex-column-wrapper-legacy\"><div class=\"fusion-title title fusion-title-1 fusion-title-center fusion-title-text fusion-title-size-three title--zakazite_termin\" style=\"--awb-margin-top-small:0px;--awb-margin-right-small:0px;--awb-margin-bottom-small:20px;--awb-margin-left-small:0px;\"><div class=\"title-sep-container title-sep-container-left\"><div class=\"title-sep sep- sep-solid\" style=\"border-color:#e0dede;\"><\/div><\/div><span class=\"awb-title-spacer\"><\/span><h3 class=\"fusion-title-heading title-heading-center fusion-responsive-typography-calculated\" style=\"margin:0;--fontSize:50;line-height:1.5;\">Zaka\u017eite Va\u0161 termin<\/h3><span class=\"awb-title-spacer\"><\/span><div class=\"title-sep-container title-sep-container-right\"><div class=\"title-sep sep- sep-solid\" style=\"border-color:#e0dede;\"><\/div><\/div><\/div>\n<div class=\"wpcf7 no-js\" id=\"wpcf7-f37-o1\" lang=\"en-US\" dir=\"ltr\" data-wpcf7-id=\"37\">\n<div class=\"screen-reader-response\"><p role=\"status\" aria-live=\"polite\" aria-atomic=\"true\"><\/p> <ul><\/ul><\/div>\n<form action=\"\/index.php?rest_route=%2Fwp%2Fv2%2Fpages%2F226#wpcf7-f37-o1\" method=\"post\" class=\"wpcf7-form init\" aria-label=\"Contact form\" novalidate=\"novalidate\" data-status=\"init\">\n<fieldset class=\"hidden-fields-container\"><input type=\"hidden\" name=\"_wpcf7\" value=\"37\" \/><input type=\"hidden\" name=\"_wpcf7_version\" value=\"6.1.5\" \/><input type=\"hidden\" name=\"_wpcf7_locale\" value=\"en_US\" \/><input type=\"hidden\" name=\"_wpcf7_unit_tag\" value=\"wpcf7-f37-o1\" \/><input type=\"hidden\" name=\"_wpcf7_container_post\" value=\"0\" \/><input type=\"hidden\" name=\"_wpcf7_posted_data_hash\" value=\"\" \/>\n<\/fieldset>\n<div class=\"info-inputs\">\n\t<p><br \/>\n<label> Ime* (obavezno) <span class=\"wpcf7-form-control-wrap\" data-name=\"your-name\"><input size=\"40\" maxlength=\"400\" class=\"wpcf7-form-control wpcf7-text wpcf7-validates-as-required np-input\" aria-required=\"true\" aria-invalid=\"false\" value=\"\" type=\"text\" name=\"your-name\" \/><\/span> <\/label>\n\t<\/p>\n\t<p><label> E-Mail-Adresa* (obavezno) <span class=\"wpcf7-form-control-wrap\" data-name=\"your-email\"><input size=\"40\" maxlength=\"400\" class=\"wpcf7-form-control wpcf7-email wpcf7-validates-as-required wpcf7-text wpcf7-validates-as-email np-input\" aria-required=\"true\" aria-invalid=\"false\" value=\"\" type=\"email\" name=\"your-email\" \/><\/span> <\/label>\n\t<\/p>\n\t<p><label> Telefon<span class=\"wpcf7-form-control-wrap\" data-name=\"your-phone\"><input size=\"40\" maxlength=\"400\" class=\"wpcf7-form-control wpcf7-text np-input\" aria-invalid=\"false\" value=\"\" type=\"text\" name=\"your-phone\" \/><\/span> <\/label>\n\t<\/p>\n<\/div>\n<p><label> Poruka<span class=\"wpcf7-form-control-wrap\" data-name=\"your-message\"><textarea cols=\"40\" rows=\"10\" maxlength=\"2000\" class=\"wpcf7-form-control wpcf7-textarea\" aria-invalid=\"false\" name=\"your-message\"><\/textarea><\/span> <\/label>\n<\/p>\n<p><input class=\"wpcf7-form-control wpcf7-submit has-spinner\" type=\"submit\" value=\"Po\u0161alji\" \/>\n<\/p><p style=\"display: none !important;\" class=\"akismet-fields-container\" data-prefix=\"_wpcf7_ak_\"><label>&#916;<textarea name=\"_wpcf7_ak_hp_textarea\" cols=\"45\" rows=\"8\" maxlength=\"100\"><\/textarea><\/label><input type=\"hidden\" id=\"ak_js_1\" name=\"_wpcf7_ak_js\" value=\"93\"\/><script>document.getElementById( \"ak_js_1\" ).setAttribute( \"value\", ( new Date() ).getTime() );<\/script><\/p><div class=\"fusion-alert alert custom alert-custom fusion-alert-center wpcf7-response-output fusion-alert-capitalize awb-alert-native-link-color alert-dismissable awb-alert-close-boxed\" style=\"--awb-border-size:1px;--awb-border-top-left-radius:0px;--awb-border-top-right-radius:0px;--awb-border-bottom-left-radius:0px;--awb-border-bottom-right-radius:0px;\" role=\"alert\"><div class=\"fusion-alert-content-wrapper\"><span class=\"fusion-alert-content\"><\/span><\/div><button type=\"button\" class=\"close toggle-alert\" data-dismiss=\"alert\" aria-label=\"Close\">&times;<\/button><\/div>\n<\/form>\n<\/div>\n<div class=\"fusion-clearfix\"><\/div><\/div><\/div><div class=\"fusion-layout-column fusion_builder_column fusion-builder-column-2 fusion_builder_column_1_3 1_3 fusion-one-third fusion-column-last rt-radno-vreme\" style=\"--awb-bg-color:#b89119;--awb-bg-color-hover:#b89119;--awb-bg-size:cover;--awb-margin-bottom:0px;width:33.333333333333%;width:calc(33.333333333333% - ( ( 4% ) * 0.33333333333333 ) );\"><div class=\"fusion-column-wrapper fusion-column-has-shadow fusion-flex-column-wrapper-legacy\"><div class=\"fusion-column-content-centered\"><div class=\"fusion-column-content\"><div class=\"fusion-text fusion-text-1 rt-radno-vreme__text\"><h3 style=\"color: #ffffff; font-weight: 400;\">Kontakt<\/h3>\n<ul class=\"radno-vreme-lista\" style=\"color: #ffffff; list-style-type: none;\">\n<li><span class=\"radno-vreme-lista__dan\">Adresa:<br \/>\nZorana \u0110in\u0111i\u0107a 19\/1, 34000 Kragujevac<\/span><\/li>\n<li><span class=\"radno-vreme-lista__dan\">Email:<br \/>\n<a href=\"mailto:office@relaxtimestudio.rs\">office@relaxtimestudio.rs<\/a><\/span><\/li>\n<li><span class=\"radno-vreme-lista__dan\">Telefoni:<br \/>\n0692176245<br \/>\n<\/span><\/li>\n<li>\n<hr \/>\n<\/li>\n<\/ul>\n<h3 style=\"color: #ffffff; font-weight: 400;\">Radno vreme<\/h3>\n<ul class=\"radno-vreme-lista\" style=\"color: #ffffff; list-style-type: none;\">\n<li><span class=\"radno-vreme-lista__dan\">Ponedeljak \u2013 Petak<\/span>09 \u2013 21h<\/li>\n<li><span class=\"radno-vreme-lista__dan\">Subota<\/span>09 \u2013 15h<\/li>\n<li><span class=\"radno-vreme-lista__dan\">Nedelja<\/span>Ne radi<\/li>\n<\/ul>\n<\/div><\/div><\/div><div class=\"fusion-clearfix\"><\/div><\/div><\/div>\n<\/div><\/div>\n<div class=\"fusion-fullwidth fullwidth-box fusion-builder-row-3 nonhundred-percent-fullwidth non-hundred-percent-height-scrolling\" style=\"--awb-border-radius-top-left:0px;--awb-border-radius-top-right:0px;--awb-border-radius-bottom-right:0px;--awb-border-radius-bottom-left:0px;--awb-padding-top:0px;--awb-padding-bottom:0px;--awb-margin-top:0px;--awb-margin-bottom:0px;--awb-flex-wrap:wrap;\" ><div class=\"fusion-builder-row fusion-row\"><div class=\"fusion-layout-column fusion_builder_column fusion-builder-column-3 fusion_builder_column_1_1 1_1 fusion-one-full fusion-column-first fusion-column-last\" style=\"--awb-bg-size:cover;--awb-margin-bottom:0px;\"><div class=\"fusion-column-wrapper fusion-column-has-shadow fusion-flex-column-wrapper-legacy\"><div class=\"fusion-image-element in-legacy-container\" style=\"--awb-caption-title-font-family:var(--h2_typography-font-family);--awb-caption-title-font-weight:var(--h2_typography-font-weight);--awb-caption-title-font-style:var(--h2_typography-font-style);--awb-caption-title-size:var(--h2_typography-font-size);--awb-caption-title-transform:var(--h2_typography-text-transform);--awb-caption-title-line-height:var(--h2_typography-line-height);--awb-caption-title-letter-spacing:var(--h2_typography-letter-spacing);\"><span class=\" fusion-imageframe imageframe-none imageframe-1 hover-type-none\"><a class=\"fusion-no-lightbox\" href=\"https:\/\/www.relaxtimestudio.rs\/?page_id=276\" target=\"_blank\" aria-label=\"Relax-time-studio-jesenja-akcija\" rel=\"noopener noreferrer\"><img decoding=\"async\" width=\"2000\" height=\"300\" src=\"https:\/\/www.relaxtimestudio.rs\/wp-content\/uploads\/2025\/11\/Relax-time-studio-jesenja-akcija.jpg\" alt class=\"img-responsive wp-image-1132\" srcset=\"https:\/\/www.relaxtimestudio.rs\/wp-content\/uploads\/2025\/11\/Relax-time-studio-jesenja-akcija-200x30.jpg 200w, https:\/\/www.relaxtimestudio.rs\/wp-content\/uploads\/2025\/11\/Relax-time-studio-jesenja-akcija-400x60.jpg 400w, https:\/\/www.relaxtimestudio.rs\/wp-content\/uploads\/2025\/11\/Relax-time-studio-jesenja-akcija-600x90.jpg 600w, https:\/\/www.relaxtimestudio.rs\/wp-content\/uploads\/2025\/11\/Relax-time-studio-jesenja-akcija-800x120.jpg 800w, https:\/\/www.relaxtimestudio.rs\/wp-content\/uploads\/2025\/11\/Relax-time-studio-jesenja-akcija-1200x180.jpg 1200w, https:\/\/www.relaxtimestudio.rs\/wp-content\/uploads\/2025\/11\/Relax-time-studio-jesenja-akcija.jpg 2000w\" sizes=\"(max-width: 800px) 100vw, 2000px\" \/><\/a><\/span><\/div><div class=\"fusion-clearfix\"><\/div><\/div><\/div><\/div><\/div><div class=\"fusion-fullwidth fullwidth-box fusion-builder-row-4 nonhundred-percent-fullwidth non-hundred-percent-height-scrolling\" style=\"--awb-border-radius-top-left:0px;--awb-border-radius-top-right:0px;--awb-border-radius-bottom-right:0px;--awb-border-radius-bottom-left:0px;--awb-padding-top:0px;--awb-padding-right:0px;--awb-padding-bottom:0px;--awb-padding-left:0px;--awb-margin-top:0px;--awb-margin-bottom:0px;--awb-flex-wrap:wrap;\" ><div class=\"fusion-builder-row fusion-row\"><div class=\"fusion-layout-column fusion_builder_column fusion-builder-column-4 fusion_builder_column_1_1 1_1 fusion-one-full fusion-column-first fusion-column-last\" style=\"--awb-bg-size:cover;--awb-margin-bottom:0px;\"><div class=\"fusion-column-wrapper fusion-column-has-shadow fusion-flex-column-wrapper-legacy\"><div class=\"fusion-modal modal fade modal-1 termin\" tabindex=\"-1\" role=\"dialog\" aria-labelledby=\"modal-heading-1\" aria-hidden=\"true\" style=\"--awb-border-color:#ffffff;--awb-background:#ffffff;\"><div class=\"modal-dialog modal-lg\" role=\"document\"><div class=\"modal-content fusion-modal-content\"><div class=\"modal-header\"><button class=\"close\" type=\"button\" data-dismiss=\"modal\" aria-hidden=\"true\" aria-label=\"Close\">&times;<\/button><h3 class=\"modal-title\" id=\"modal-heading-1\" data-dismiss=\"modal\" aria-hidden=\"true\">Zaka\u017eite termin<\/h3><\/div><div class=\"modal-body fusion-clearfix\">\n<div class=\"wpcf7 no-js\" id=\"wpcf7-f37-o2\" lang=\"en-US\" dir=\"ltr\" data-wpcf7-id=\"37\">\n<div class=\"screen-reader-response\"><p role=\"status\" aria-live=\"polite\" aria-atomic=\"true\"><\/p> <ul><\/ul><\/div>\n<form action=\"\/index.php?rest_route=%2Fwp%2Fv2%2Fpages%2F226#wpcf7-f37-o2\" method=\"post\" class=\"wpcf7-form init\" aria-label=\"Contact form\" novalidate=\"novalidate\" data-status=\"init\">\n<fieldset class=\"hidden-fields-container\"><input type=\"hidden\" name=\"_wpcf7\" value=\"37\" \/><input type=\"hidden\" name=\"_wpcf7_version\" value=\"6.1.5\" \/><input type=\"hidden\" name=\"_wpcf7_locale\" value=\"en_US\" \/><input type=\"hidden\" name=\"_wpcf7_unit_tag\" value=\"wpcf7-f37-o2\" \/><input type=\"hidden\" name=\"_wpcf7_container_post\" value=\"0\" \/><input type=\"hidden\" name=\"_wpcf7_posted_data_hash\" value=\"\" \/>\n<\/fieldset>\n<div class=\"info-inputs\">\n\t<p><br \/>\n<label> Ime* (obavezno) <span class=\"wpcf7-form-control-wrap\" data-name=\"your-name\"><input size=\"40\" maxlength=\"400\" class=\"wpcf7-form-control wpcf7-text wpcf7-validates-as-required np-input\" aria-required=\"true\" aria-invalid=\"false\" value=\"\" type=\"text\" name=\"your-name\" \/><\/span> <\/label>\n\t<\/p>\n\t<p><label> E-Mail-Adresa* (obavezno) <span class=\"wpcf7-form-control-wrap\" data-name=\"your-email\"><input size=\"40\" maxlength=\"400\" class=\"wpcf7-form-control wpcf7-email wpcf7-validates-as-required wpcf7-text wpcf7-validates-as-email np-input\" aria-required=\"true\" aria-invalid=\"false\" value=\"\" type=\"email\" name=\"your-email\" \/><\/span> <\/label>\n\t<\/p>\n\t<p><label> Telefon<span class=\"wpcf7-form-control-wrap\" data-name=\"your-phone\"><input size=\"40\" maxlength=\"400\" class=\"wpcf7-form-control wpcf7-text np-input\" aria-invalid=\"false\" value=\"\" type=\"text\" name=\"your-phone\" \/><\/span> <\/label>\n\t<\/p>\n<\/div>\n<p><label> Poruka<span class=\"wpcf7-form-control-wrap\" data-name=\"your-message\"><textarea cols=\"40\" rows=\"10\" maxlength=\"2000\" class=\"wpcf7-form-control wpcf7-textarea\" aria-invalid=\"false\" name=\"your-message\"><\/textarea><\/span> <\/label>\n<\/p>\n<p><input class=\"wpcf7-form-control wpcf7-submit has-spinner\" type=\"submit\" value=\"Po\u0161alji\" \/>\n<\/p><p style=\"display: none !important;\" class=\"akismet-fields-container\" data-prefix=\"_wpcf7_ak_\"><label>&#916;<textarea name=\"_wpcf7_ak_hp_textarea\" cols=\"45\" rows=\"8\" maxlength=\"100\"><\/textarea><\/label><input type=\"hidden\" id=\"ak_js_2\" name=\"_wpcf7_ak_js\" value=\"35\"\/><script>document.getElementById( \"ak_js_2\" ).setAttribute( \"value\", ( new Date() ).getTime() );<\/script><\/p><div class=\"fusion-alert alert custom alert-custom fusion-alert-center wpcf7-response-output fusion-alert-capitalize awb-alert-native-link-color alert-dismissable awb-alert-close-boxed\" style=\"--awb-border-size:1px;--awb-border-top-left-radius:0px;--awb-border-top-right-radius:0px;--awb-border-bottom-left-radius:0px;--awb-border-bottom-right-radius:0px;\" role=\"alert\"><div class=\"fusion-alert-content-wrapper\"><span class=\"fusion-alert-content\"><\/span><\/div><button type=\"button\" class=\"close toggle-alert\" data-dismiss=\"alert\" aria-label=\"Close\">&times;<\/button><\/div>\n<\/form>\n<\/div>\n<\/div><\/div><\/div><\/div><div class=\"fusion-clearfix\"><\/div><\/div><\/div><\/div><\/div>\n<\/p>\n","protected":false},"excerpt":{"rendered":"","protected":false},"author":1,"featured_media":0,"parent":0,"menu_order":0,"comment_status":"closed","ping_status":"closed","template":"","meta":{"footnotes":""},"class_list":["post-226","page","type-page","status-publish","hentry"],"yoast_head":"<!-- This site is optimized with the Yoast SEO plugin v27.3 - https:\/\/yoast.com\/product\/yoast-seo-wordpress\/ -->\n<title>Relax Time Salon lepote Kragujevac<\/title>\n<meta name=\"description\" content=\"Salone lepote - Kragujevac - manikir, pedikir, masa\u017ea, maderoterapija, depilacija, makeup, tretman tela, tretman lica, japansko iscrtavanje obrva, estetska medicina, fibro blast tehnika podizanja o\u010dnih kapaka i zatezanja vi\u0161ka ko\u017ee, profesionalna \u0161minka, svilene trepavice, uvijanje prirodnih trepavica, korekcija i farbanje obrva, solarijum, solarijum stojeci, solarijum lezeci\" \/>\n<meta name=\"robots\" content=\"index, follow, max-snippet:-1, max-image-preview:large, max-video-preview:-1\" \/>\n<link rel=\"canonical\" href=\"https:\/\/www.relaxtimestudio.rs\/?page_id=226\" \/>\n<meta property=\"og:locale\" content=\"en_US\" \/>\n<meta property=\"og:type\" content=\"article\" \/>\n<meta property=\"og:title\" content=\"Relax Time Salon lepote Kragujevac\" \/>\n<meta property=\"og:description\" content=\"Salone lepote - Kragujevac - manikir, pedikir, masa\u017ea, maderoterapija, depilacija, makeup, tretman tela, tretman lica, japansko iscrtavanje obrva, estetska medicina, fibro blast tehnika podizanja o\u010dnih kapaka i zatezanja vi\u0161ka ko\u017ee, profesionalna \u0161minka, svilene trepavice, uvijanje prirodnih trepavica, korekcija i farbanje obrva, solarijum, solarijum stojeci, solarijum lezeci\" \/>\n<meta property=\"og:url\" content=\"https:\/\/www.relaxtimestudio.rs\/?page_id=226\" \/>\n<meta property=\"og:site_name\" content=\"Relax Time\" \/>\n<meta property=\"article:modified_time\" content=\"2025-11-19T08:07:30+00:00\" \/>\n<meta name=\"twitter:card\" content=\"summary_large_image\" \/>\n<meta name=\"twitter:label1\" content=\"Est. reading time\" \/>\n\t<meta name=\"twitter:data1\" content=\"1 minute\" \/>\n<script type=\"application\/ld+json\" class=\"yoast-schema-graph\">{\"@context\":\"https:\\\/\\\/schema.org\",\"@graph\":[{\"@type\":\"WebPage\",\"@id\":\"https:\\\/\\\/www.relaxtimestudio.rs\\\/?page_id=226\",\"url\":\"https:\\\/\\\/www.relaxtimestudio.rs\\\/?page_id=226\",\"name\":\"Relax Time Salon lepote Kragujevac\",\"isPartOf\":{\"@id\":\"https:\\\/\\\/www.relaxtimestudio.rs\\\/#website\"},\"datePublished\":\"2019-05-07T09:57:04+00:00\",\"dateModified\":\"2025-11-19T08:07:30+00:00\",\"description\":\"Salone lepote - Kragujevac - manikir, pedikir, masa\u017ea, maderoterapija, depilacija, makeup, tretman tela, tretman lica, japansko iscrtavanje obrva, estetska medicina, fibro blast tehnika podizanja o\u010dnih kapaka i zatezanja vi\u0161ka ko\u017ee, profesionalna \u0161minka, svilene trepavice, uvijanje prirodnih trepavica, korekcija i farbanje obrva, solarijum, solarijum stojeci, solarijum lezeci\",\"breadcrumb\":{\"@id\":\"https:\\\/\\\/www.relaxtimestudio.rs\\\/?page_id=226#breadcrumb\"},\"inLanguage\":\"en-US\",\"potentialAction\":[{\"@type\":\"ReadAction\",\"target\":[\"https:\\\/\\\/www.relaxtimestudio.rs\\\/?page_id=226\"]}]},{\"@type\":\"BreadcrumbList\",\"@id\":\"https:\\\/\\\/www.relaxtimestudio.rs\\\/?page_id=226#breadcrumb\",\"itemListElement\":[{\"@type\":\"ListItem\",\"position\":1,\"name\":\"Home\",\"item\":\"https:\\\/\\\/www.relaxtimestudio.rs\\\/\"},{\"@type\":\"ListItem\",\"position\":2,\"name\":\"KONTAKT\"}]},{\"@type\":\"WebSite\",\"@id\":\"https:\\\/\\\/www.relaxtimestudio.rs\\\/#website\",\"url\":\"https:\\\/\\\/www.relaxtimestudio.rs\\\/\",\"name\":\"Relax Time\",\"description\":\"BEAUTY CENTER\",\"potentialAction\":[{\"@type\":\"SearchAction\",\"target\":{\"@type\":\"EntryPoint\",\"urlTemplate\":\"https:\\\/\\\/www.relaxtimestudio.rs\\\/?s={search_term_string}\"},\"query-input\":{\"@type\":\"PropertyValueSpecification\",\"valueRequired\":true,\"valueName\":\"search_term_string\"}}],\"inLanguage\":\"en-US\"}]}<\/script>\n<!-- \/ Yoast SEO plugin. -->","yoast_head_json":{"title":"Relax Time Salon lepote Kragujevac","description":"Salone lepote - Kragujevac - manikir, pedikir, masa\u017ea, maderoterapija, depilacija, makeup, tretman tela, tretman lica, japansko iscrtavanje obrva, estetska medicina, fibro blast tehnika podizanja o\u010dnih kapaka i zatezanja vi\u0161ka ko\u017ee, profesionalna \u0161minka, svilene trepavice, uvijanje prirodnih trepavica, korekcija i farbanje obrva, solarijum, solarijum stojeci, solarijum lezeci","robots":{"index":"index","follow":"follow","max-snippet":"max-snippet:-1","max-image-preview":"max-image-preview:large","max-video-preview":"max-video-preview:-1"},"canonical":"https:\/\/www.relaxtimestudio.rs\/?page_id=226","og_locale":"en_US","og_type":"article","og_title":"Relax Time Salon lepote Kragujevac","og_description":"Salone lepote - Kragujevac - manikir, pedikir, masa\u017ea, maderoterapija, depilacija, makeup, tretman tela, tretman lica, japansko iscrtavanje obrva, estetska medicina, fibro blast tehnika podizanja o\u010dnih kapaka i zatezanja vi\u0161ka ko\u017ee, profesionalna \u0161minka, svilene trepavice, uvijanje prirodnih trepavica, korekcija i farbanje obrva, solarijum, solarijum stojeci, solarijum lezeci","og_url":"https:\/\/www.relaxtimestudio.rs\/?page_id=226","og_site_name":"Relax Time","article_modified_time":"2025-11-19T08:07:30+00:00","twitter_card":"summary_large_image","twitter_misc":{"Est. reading time":"1 minute"},"schema":{"@context":"https:\/\/schema.org","@graph":[{"@type":"WebPage","@id":"https:\/\/www.relaxtimestudio.rs\/?page_id=226","url":"https:\/\/www.relaxtimestudio.rs\/?page_id=226","name":"Relax Time Salon lepote Kragujevac","isPartOf":{"@id":"https:\/\/www.relaxtimestudio.rs\/#website"},"datePublished":"2019-05-07T09:57:04+00:00","dateModified":"2025-11-19T08:07:30+00:00","description":"Salone lepote - Kragujevac - manikir, pedikir, masa\u017ea, maderoterapija, depilacija, makeup, tretman tela, tretman lica, japansko iscrtavanje obrva, estetska medicina, fibro blast tehnika podizanja o\u010dnih kapaka i zatezanja vi\u0161ka ko\u017ee, profesionalna \u0161minka, svilene trepavice, uvijanje prirodnih trepavica, korekcija i farbanje obrva, solarijum, solarijum stojeci, solarijum lezeci","breadcrumb":{"@id":"https:\/\/www.relaxtimestudio.rs\/?page_id=226#breadcrumb"},"inLanguage":"en-US","potentialAction":[{"@type":"ReadAction","target":["https:\/\/www.relaxtimestudio.rs\/?page_id=226"]}]},{"@type":"BreadcrumbList","@id":"https:\/\/www.relaxtimestudio.rs\/?page_id=226#breadcrumb","itemListElement":[{"@type":"ListItem","position":1,"name":"Home","item":"https:\/\/www.relaxtimestudio.rs\/"},{"@type":"ListItem","position":2,"name":"KONTAKT"}]},{"@type":"WebSite","@id":"https:\/\/www.relaxtimestudio.rs\/#website","url":"https:\/\/www.relaxtimestudio.rs\/","name":"Relax Time","description":"BEAUTY CENTER","potentialAction":[{"@type":"SearchAction","target":{"@type":"EntryPoint","urlTemplate":"https:\/\/www.relaxtimestudio.rs\/?s={search_term_string}"},"query-input":{"@type":"PropertyValueSpecification","valueRequired":true,"valueName":"search_term_string"}}],"inLanguage":"en-US"}]}},"_links":{"self":[{"href":"https:\/\/www.relaxtimestudio.rs\/index.php?rest_route=\/wp\/v2\/pages\/226","targetHints":{"allow":["GET"]}}],"collection":[{"href":"https:\/\/www.relaxtimestudio.rs\/index.php?rest_route=\/wp\/v2\/pages"}],"about":[{"href":"https:\/\/www.relaxtimestudio.rs\/index.php?rest_route=\/wp\/v2\/types\/page"}],"author":[{"embeddable":true,"href":"https:\/\/www.relaxtimestudio.rs\/index.php?rest_route=\/wp\/v2\/users\/1"}],"replies":[{"embeddable":true,"href":"https:\/\/www.relaxtimestudio.rs\/index.php?rest_route=%2Fwp%2Fv2%2Fcomments&post=226"}],"version-history":[{"count":31,"href":"https:\/\/www.relaxtimestudio.rs\/index.php?rest_route=\/wp\/v2\/pages\/226\/revisions"}],"predecessor-version":[{"id":1134,"href":"https:\/\/www.relaxtimestudio.rs\/index.php?rest_route=\/wp\/v2\/pages\/226\/revisions\/1134"}],"wp:attachment":[{"href":"https:\/\/www.relaxtimestudio.rs\/index.php?rest_route=%2Fwp%2Fv2%2Fmedia&parent=226"}],"curies":[{"name":"wp","href":"https:\/\/api.w.org\/{rel}","templated":true}]}}